{"id":9670,"date":"2024-07-09T04:57:45","date_gmt":"2024-07-09T04:57:45","guid":{"rendered":"https:\/\/bomberosdeesmeraldas.gob.ec\/?page_id=9670"},"modified":"2024-07-09T04:57:45","modified_gmt":"2024-07-09T04:57:45","slug":"gestion-de-instruccion-y-capacitacion","status":"publish","type":"page","link":"https:\/\/bomberosdeesmeraldas.gob.ec\/?page_id=9670","title":{"rendered":"Gesti\u00f3n de Instrucci\u00f3n y Capacitaci\u00f3n"},"content":{"rendered":"","protected":false},"excerpt":{"rendered":"","protected":false},"author":1,"featured_media":0,"parent":0,"menu_order":0,"comment_status":"closed","ping_status":"closed","template":"","meta":{"pagelayer_contact_templates":[],"_pagelayer_content":"","footnotes":""},"folder":[],"class_list":["post-9670","page","type-page","status-publish","hentry"],"_links":{"self":[{"href":"https:\/\/bomberosdeesmeraldas.gob.ec\/index.php?rest_route=\/wp\/v2\/pages\/9670"}],"collection":[{"href":"https:\/\/bomberosdeesmeraldas.gob.ec\/index.php?rest_route=\/wp\/v2\/pages"}],"about":[{"href":"https:\/\/bomberosdeesmeraldas.gob.ec\/index.php?rest_route=\/wp\/v2\/types\/page"}],"author":[{"embeddable":true,"href":"https:\/\/bomberosdeesmeraldas.gob.ec\/index.php?rest_route=\/wp\/v2\/users\/1"}],"replies":[{"embeddable":true,"href":"https:\/\/bomberosdeesmeraldas.gob.ec\/index.php?rest_route=%2Fwp%2Fv2%2Fcomments&post=9670"}],"version-history":[{"count":1,"href":"https:\/\/bomberosdeesmeraldas.gob.ec\/index.php?rest_route=\/wp\/v2\/pages\/9670\/revisions"}],"predecessor-version":[{"id":9673,"href":"https:\/\/bomberosdeesmeraldas.gob.ec\/index.php?rest_route=\/wp\/v2\/pages\/9670\/revisions\/9673"}],"wp:attachment":[{"href":"https:\/\/bomberosdeesmeraldas.gob.ec\/index.php?rest_route=%2Fwp%2Fv2%2Fmedia&parent=9670"}],"wp:term":[{"taxonomy":"folder","embeddable":true,"href":"https:\/\/bomberosdeesmeraldas.gob.ec\/index.php?rest_route=%2Fwp%2Fv2%2Ffolder&post=9670"}],"curies":[{"name":"wp","href":"https:\/\/api.w.org\/{rel}","templated":true}]}}