{"id":919,"date":"2022-02-21T15:43:27","date_gmt":"2022-02-21T15:43:27","guid":{"rendered":"https:\/\/bomberosdeesmeraldas.gob.ec\/?page_id=919"},"modified":"2022-02-21T15:43:27","modified_gmt":"2022-02-21T15:43:27","slug":"quejas-y-reclamos","status":"publish","type":"page","link":"https:\/\/bomberosdeesmeraldas.gob.ec\/?page_id=919","title":{"rendered":"Quejas y reclamos"},"content":{"rendered":"\n<p>Este proceso es implementado para una adecuada y oportuna gesti\u00f3n de reclamaciones y, consta de dos objetivos:<\/p>\n\n\n\n<ul class=\"wp-block-list\"><li><strong>Satisfacer al ciudadano:\u00a0<\/strong>busca los mecanismos necesarios a fin de aliviar la insatisfacci\u00f3n del ciudadano y, en el mejor de los casos, tambi\u00e9n reforzar su v\u00ednculo con la instituci\u00f3n.<\/li><\/ul>\n\n\n\n<ul class=\"wp-block-list\"><li><strong>Garantizar la calidad<\/strong>: tiene como finalidad que el feedback del ciudadano llegue al departamento adecuado, que lo usa para mejorar el servicio.<\/li><\/ul>\n\n\n\n<p><\/p>\n","protected":false},"excerpt":{"rendered":"<p>Este proceso es implementado para una adecuada y oportuna gesti\u00f3n de reclamaciones y, consta de&#8230;<\/p>\n","protected":false},"author":2,"featured_media":0,"parent":0,"menu_order":0,"comment_status":"open","ping_status":"closed","template":"","meta":{"pagelayer_contact_templates":[],"_pagelayer_content":"","footnotes":""},"folder":[],"class_list":["post-919","page","type-page","status-publish","hentry"],"_links":{"self":[{"href":"https:\/\/bomberosdeesmeraldas.gob.ec\/index.php?rest_route=\/wp\/v2\/pages\/919"}],"collection":[{"href":"https:\/\/bomberosdeesmeraldas.gob.ec\/index.php?rest_route=\/wp\/v2\/pages"}],"about":[{"href":"https:\/\/bomberosdeesmeraldas.gob.ec\/index.php?rest_route=\/wp\/v2\/types\/page"}],"author":[{"embeddable":true,"href":"https:\/\/bomberosdeesmeraldas.gob.ec\/index.php?rest_route=\/wp\/v2\/users\/2"}],"replies":[{"embeddable":true,"href":"https:\/\/bomberosdeesmeraldas.gob.ec\/index.php?rest_route=%2Fwp%2Fv2%2Fcomments&post=919"}],"version-history":[{"count":1,"href":"https:\/\/bomberosdeesmeraldas.gob.ec\/index.php?rest_route=\/wp\/v2\/pages\/919\/revisions"}],"predecessor-version":[{"id":923,"href":"https:\/\/bomberosdeesmeraldas.gob.ec\/index.php?rest_route=\/wp\/v2\/pages\/919\/revisions\/923"}],"wp:attachment":[{"href":"https:\/\/bomberosdeesmeraldas.gob.ec\/index.php?rest_route=%2Fwp%2Fv2%2Fmedia&parent=919"}],"wp:term":[{"taxonomy":"folder","embeddable":true,"href":"https:\/\/bomberosdeesmeraldas.gob.ec\/index.php?rest_route=%2Fwp%2Fv2%2Ffolder&post=919"}],"curies":[{"name":"wp","href":"https:\/\/api.w.org\/{rel}","templated":true}]}}