{"id":61,"date":"2020-09-30T14:07:37","date_gmt":"2020-09-30T14:07:37","guid":{"rendered":"https:\/\/bomberosdeesmeraldas.gob.ec\/?page_id=61"},"modified":"2020-10-01T13:14:57","modified_gmt":"2020-10-01T13:14:57","slug":"politicas","status":"publish","type":"page","link":"https:\/\/bomberosdeesmeraldas.gob.ec\/?page_id=61","title":{"rendered":"Pol\u00edticas"},"content":{"rendered":"<p>[pl_row pagelayer-id=&#8221;cqxf7u36lkk08hqj&#8221;  0=&#8221;&#8221;]<br \/>\n[pl_col pagelayer-id=&#8221;9fvgvn2y6enwyr19&#8243;  col=&#8221;12&#8243;]<br \/>\n[pl_text pagelayer-id=&#8221;l2bz1kz1jhd2mf3p&#8221;  0=&#8221;&#8221;]<\/p>\n<p>[\/pl_text]<br \/>\n[\/pl_col]<br \/>\n[\/pl_row]<br \/>\n[pl_row pagelayer-id=&#8221;AKEN3mlOHtPLl6ET&#8221;  stretch=&#8221;auto&#8221; col_gap=&#8221;10&#8243; width_content=&#8221;auto&#8221; row_height=&#8221;default&#8221; overlay_hover_delay=&#8221;400&#8243; row_shape_top_color=&#8221;#227bc3&#8243; row_shape_top_width=&#8221;100&#8243; row_shape_top_height=&#8221;100&#8243; row_shape_bottom_color=&#8221;#e44993&#8243; row_shape_bottom_width=&#8221;100&#8243; row_shape_bottom_height=&#8221;100&#8243;]<br \/>\n[pl_col pagelayer-id=&#8221;nr5JD9CmYRWESdWD&#8221;  widget_space=&#8221;15&#8243; overlay_hover_delay=&#8221;400&#8243;]<br \/>\n[pl_text pagelayer-id=&#8221;V49JjH5qX1NrDdX6&#8243; ]<\/p>\n<p>Enfocadas a orientar las acciones pertinentes en el cumplimiento de la misi\u00f3n institucional, se practicar\u00e1n las siguientes pol\u00edticas:<\/p>\n<p>[\/pl_text]<br \/>\n[\/pl_col]<br \/>\n[\/pl_row]<br \/>\n[pl_row pagelayer-id=&#8221;CBUackVakCWVzM13&#8243;  stretch=&#8221;auto&#8221; col_gap=&#8221;10&#8243; width_content=&#8221;auto&#8221; row_height=&#8221;default&#8221; overlay_hover_delay=&#8221;400&#8243; row_shape_top_color=&#8221;#227bc3&#8243; row_shape_top_width=&#8221;100&#8243; row_shape_top_height=&#8221;100&#8243; row_shape_bottom_color=&#8221;#e44993&#8243; row_shape_bottom_width=&#8221;100&#8243; row_shape_bottom_height=&#8221;100&#8243;]<br \/>\n[pl_col pagelayer-id=&#8221;VouMnQfwNXevEJmD&#8221;  widget_space=&#8221;15&#8243; overlay_hover_delay=&#8221;400&#8243;]<br \/>\n[pl_list pagelayer-id=&#8221;xkp8BfNYArmkJunA&#8221;  list_type=&#8221;lower-latin&#8221; spacing=&#8221;30&#8243; list_text_state=&#8221;normal&#8221; item_indent=&#8221;10&#8243; list_icon_state=&#8221;normal&#8221; icon_color=&#8221;&#8221; icon_border_type=&#8221;solid&#8221; icon_border_color=&#8221;#cbd2dc78&#8243; icon_border_width=&#8221;3&#8243; icon_size=&#8221;0&#8243; side_spacing=&#8221;24&#8243;]<br \/>\n[pl_list_item pagelayer-id=&#8221;EM2QzEttWhEt2E0b&#8221;  show_icon=&#8221;&#8221; icon=&#8221;fas fa-star&#8221;]<br \/>\nFortalecer los servicios que presta la instituci\u00f3n a toda la poblaci\u00f3n, tanto en la gesti\u00f3n de riesgos como en la respuesta inmediata e investigaci\u00f3n de los siniestros.[\/pl_list_item]<br \/>\n[pl_list_item pagelayer-id=&#8221;ZkfJAV3ntYwD2TkZ&#8221;  show_icon=&#8221;&#8221; icon=&#8221;fas fa-star&#8221;]<br \/>\nCapacitar continuamente a la comunidad en la prevenci\u00f3n contra riesgos.[\/pl_list_item]<br \/>\n[pl_list_item pagelayer-id=&#8221;bsZhrYtoNbdXdo6R&#8221;  show_icon=&#8221;&#8221; icon=&#8221;fas fa-star&#8221;]<br \/>\nAplicar los avances tecnol\u00f3gicos en el mejoramiento de los servicios brindados a la ciudadan\u00eda.[\/pl_list_item]<br \/>\n[pl_list_item pagelayer-id=&#8221;ElVuBHi03eamDhgJ&#8221;  show_icon=&#8221;&#8221; icon=&#8221;fas fa-star&#8221;]<br \/>\nConsolidar y orientar las inversiones y fondos a favor de la excelencia en la atenci\u00f3n a la comunidad.[\/pl_list_item]<br \/>\n[pl_list_item pagelayer-id=&#8221;j6xkaAN6OEcxggNE&#8221;  show_icon=&#8221;&#8221; icon=&#8221;fas fa-star&#8221;]<br \/>\nPromover la pr\u00e1ctica de los valores institucionales.[\/pl_list_item]<br \/>\n[pl_list_item pagelayer-id=&#8221;VyGPr07odESqGsLq&#8221;  show_icon=&#8221;&#8221; icon=&#8221;fas fa-star&#8221;]<br \/>\nIntegrar a la comunidad en los servicios que brinda el Cuerpo de Bomberos del Cant\u00f3n Esmeraldas.[\/pl_list_item]<br \/>\n[\/pl_list]<br \/>\n[\/pl_col]<br \/>\n[\/pl_row]<\/p>\n","protected":false},"excerpt":{"rendered":"<p>[pl_row pagelayer-id=&#8221;cqxf7u36lkk08hqj&#8221; 0=&#8221;&#8221;] [pl_col pagelayer-id=&#8221;9fvgvn2y6enwyr19&#8243; col=&#8221;12&#8243;] [pl_text pagelayer-id=&#8221;l2bz1kz1jhd2mf3p&#8221; 0=&#8221;&#8221;] [\/pl_text] [\/pl_col] [\/pl_row] [pl_row pagelayer-id=&#8221;AKEN3mlOHtPLl6ET&#8221; stretch=&#8221;auto&#8221;&#8230;<\/p>\n","protected":false},"author":1,"featured_media":0,"parent":0,"menu_order":0,"comment_status":"closed","ping_status":"closed","template":"","meta":{"pagelayer_contact_templates":[],"_pagelayer_content":"","footnotes":""},"folder":[],"class_list":["post-61","page","type-page","status-publish","hentry"],"_links":{"self":[{"href":"https:\/\/bomberosdeesmeraldas.gob.ec\/index.php?rest_route=\/wp\/v2\/pages\/61"}],"collection":[{"href":"https:\/\/bomberosdeesmeraldas.gob.ec\/index.php?rest_route=\/wp\/v2\/pages"}],"about":[{"href":"https:\/\/bomberosdeesmeraldas.gob.ec\/index.php?rest_route=\/wp\/v2\/types\/page"}],"author":[{"embeddable":true,"href":"https:\/\/bomberosdeesmeraldas.gob.ec\/index.php?rest_route=\/wp\/v2\/users\/1"}],"replies":[{"embeddable":true,"href":"https:\/\/bomberosdeesmeraldas.gob.ec\/index.php?rest_route=%2Fwp%2Fv2%2Fcomments&post=61"}],"version-history":[{"count":3,"href":"https:\/\/bomberosdeesmeraldas.gob.ec\/index.php?rest_route=\/wp\/v2\/pages\/61\/revisions"}],"predecessor-version":[{"id":129,"href":"https:\/\/bomberosdeesmeraldas.gob.ec\/index.php?rest_route=\/wp\/v2\/pages\/61\/revisions\/129"}],"wp:attachment":[{"href":"https:\/\/bomberosdeesmeraldas.gob.ec\/index.php?rest_route=%2Fwp%2Fv2%2Fmedia&parent=61"}],"wp:term":[{"taxonomy":"folder","embeddable":true,"href":"https:\/\/bomberosdeesmeraldas.gob.ec\/index.php?rest_route=%2Fwp%2Fv2%2Ffolder&post=61"}],"curies":[{"name":"wp","href":"https:\/\/api.w.org\/{rel}","templated":true}]}}