{"id":51,"date":"2020-09-30T14:03:56","date_gmt":"2020-09-30T14:03:56","guid":{"rendered":"https:\/\/bomberosdeesmeraldas.gob.ec\/?page_id=51"},"modified":"2025-02-21T22:06:14","modified_gmt":"2025-02-21T22:06:14","slug":"resena-historica","status":"publish","type":"page","link":"https:\/\/bomberosdeesmeraldas.gob.ec\/?page_id=51","title":{"rendered":"Rese\u00f1a Hist\u00f3rica"},"content":{"rendered":"\n\n\n\n\n<\/p>\n<p><span style=\"font-size: 12px;\">Durante los a\u00f1os de la Colonia, luego en la etapa de las gestas independientes e inicios de nuestra era<\/span><span style=\"font-size: 12px;\">\u00a0republicana, hasta el a\u00f1o 1922 los incendios que se presentaban en nuestra ciudad se sofocaban mediante la formaci\u00f3n de cadenas humanas integradas por vecinos que acarreaban baldes con agua desde el r\u00edo hasta el sitio del flagelo, raz\u00f3n por la que \u00e9stos acababan con pueblos enteros.<\/span><\/p>\n<p><span style=\"font-size: 12px;\">Reci\u00e9n en 1922 el se\u00f1or Capit\u00e1n Sim\u00f3n Plata Torres hace construir un aljibe en el sitio donde hoy se levanta el edificio del Cuerpo de Bomberos y pasa a comandar lo que desde entonces se conocer\u00eda con ese nombre, ordenando luego la construcci\u00f3n de un edificio de dos pisos en el que funcion\u00f3 la instituci\u00f3n hasta el a\u00f1o 1982.<\/span><span style=\"font-size: 12px;\">\u00a0<\/span><\/p>\n<p><span style=\"font-size: 12px;\">A fines de 1922 aparecen en la ciudad las carretas y mangueras y la primera bomba que succionaba agua del r\u00edo y fue colocada en las cercan\u00edas por don Luis Tello Tipalda. Al a\u00f1o siguiente asume la Jefatura del Cuerpo de Bomberos el se\u00f1or Jos\u00e9 Monteverde, quien contin\u00faa la obra del capit\u00e1n Sim\u00f3n Plata Torres,\u00a0 terminando la construcci\u00f3n del edificio antiguo.\u00a0<\/span><span style=\"font-size: 12px;\">Por el a\u00f1o 1924 se instalan en Esmeraldas los primeros grifos, con lo s\u00e9 desechaba la bomba del Malec\u00f3n.<\/span><\/p>\n<p><span style=\"font-size: 12px;\"><br \/><\/span><span style=\"font-size: 12px;\"><br \/><\/span><span style=\"font-size: 12px;\">Pasan los a\u00f1os hasta 1961 en que es nombrado Primer Jefe el se\u00f1or Daniel \u00c1lvarez Tenorio, quien aprovechando que era propietario de una estaci\u00f3n radial realiza con \u00e9xito una radio ton, obteniendo el dinero con el cual pudo traerse el primer carro tanque para Esmeraldas.<\/span><span style=\"font-size: 12px;\">\u00a0<\/span><\/p>\n<p><span style=\"font-size: 12px;\"><br \/><\/span><span style=\"font-size: 12px;\">En noviembre de 1976 luego de un gran incendio donde se consumieron seis casas, Esmeraldas realiz\u00f3 un paro provincial, en tiempos de la dictadura militar, y como resultado de ello el gobierno hizo el envi\u00f3 de 2 autobombas, justo cuando las oficiaba el Primer Jefe se\u00f1or Lcdo. Carlos Enrique G\u00e1mez. Eso era todo cono lo que contaba Esmeraldas hasta un poco antes del a\u00f1o 1982.<\/span><span style=\"font-size: 12px;\">\u00a0<\/span><\/p>\n<p><span style=\"font-size: 12px;\"><br \/><\/span><span style=\"font-size: 12px;\">Posteriormente a mediados del a\u00f1o 1982, bajo el mando del se\u00f1or Crnel. Don Rafael L\u00f3pez Estupi\u00f1\u00e1n se inicia y termina la construcci\u00f3n del moderno edificio en que hoy funciona el Cuerpo de Bomberos de Esmeraldas.\u00a0<\/span><\/p>\n<p>\n\n\n\n\n\n\n\n<h2><strong>N\u00d3MINA DE PERSONAS QUE HAN ACTUADO COMO PRIMER JEFE DEL CUERPO DE BOMBEROS DE ESMERALDAS DESDE SU CREACI\u00d3N EN EL A\u00d1O 1922<\/strong>&nbsp;<\/h2>\n<p><\/p>\n\n\n\n\n\n\n\n\nCapit\u00e1n. Sim\u00f3n Plata Torres\n\n\n\nSr. Jos\u00e9 Monteverde\n\n\n\nSr. Nagid Makluf\n\n\n\nSr. Daniel \u00c1lvarez Tenorio\n\n\n\nLcdo. Carlos Enrique G\u00e1mez\n\n\n\nSr. Luis Khon Viteri\n\n\n\nSr. Evaristo Quinde\n\n\n\nCrnel. Rafael L\u00f3pez Estupi\u00f1\u00e1n\n\n\n\nSr. Ricardo Guti\u00e9rrez Concha\n\n\n\nDr. Ismael Vidal Montalvo\n\n\n\nSr. Arturo Gonz\u00e1lez\n\n\n\nAb. Manco Reinoso Ca\u00f1ote\n\n\n\n&nbsp;Lcdo. Honorio Espinosa\n\n\n\nSr. Hugo Santos Cucal\u00f3n\n\n\n\nCnel. B. Jos\u00e9 Govert Vivero Bola\u00f1os\n\n\n\nMayor Peter Plaza Lara\n\n\n\n<p>Tnte. Miguel Perea Moreira<\/p>\n\n\n\n<p>Comandante actual &#8211; Tnte. Cheo Reyes Valencia.<\/p>\n\n\n\n\n\n\n\n\n\n\n\n\n<p><\/p>\n<p><\/p>\n\n\n\n\n\n\n\n<p><\/p>\n\n\n\n<p><\/p>\n\n\n\n\n","protected":false},"excerpt":{"rendered":"","protected":false},"author":1,"featured_media":0,"parent":0,"menu_order":0,"comment_status":"closed","ping_status":"closed","template":"","meta":{"pagelayer_contact_templates":[],"_pagelayer_content":"","footnotes":""},"folder":[],"class_list":["post-51","page","type-page","status-publish","hentry"],"_links":{"self":[{"href":"https:\/\/bomberosdeesmeraldas.gob.ec\/index.php?rest_route=\/wp\/v2\/pages\/51"}],"collection":[{"href":"https:\/\/bomberosdeesmeraldas.gob.ec\/index.php?rest_route=\/wp\/v2\/pages"}],"about":[{"href":"https:\/\/bomberosdeesmeraldas.gob.ec\/index.php?rest_route=\/wp\/v2\/types\/page"}],"author":[{"embeddable":true,"href":"https:\/\/bomberosdeesmeraldas.gob.ec\/index.php?rest_route=\/wp\/v2\/users\/1"}],"replies":[{"embeddable":true,"href":"https:\/\/bomberosdeesmeraldas.gob.ec\/index.php?rest_route=%2Fwp%2Fv2%2Fcomments&post=51"}],"version-history":[{"count":49,"href":"https:\/\/bomberosdeesmeraldas.gob.ec\/index.php?rest_route=\/wp\/v2\/pages\/51\/revisions"}],"predecessor-version":[{"id":9791,"href":"https:\/\/bomberosdeesmeraldas.gob.ec\/index.php?rest_route=\/wp\/v2\/pages\/51\/revisions\/9791"}],"wp:attachment":[{"href":"https:\/\/bomberosdeesmeraldas.gob.ec\/index.php?rest_route=%2Fwp%2Fv2%2Fmedia&parent=51"}],"wp:term":[{"taxonomy":"folder","embeddable":true,"href":"https:\/\/bomberosdeesmeraldas.gob.ec\/index.php?rest_route=%2Fwp%2Fv2%2Ffolder&post=51"}],"curies":[{"name":"wp","href":"https:\/\/api.w.org\/{rel}","templated":true}]}}