{"id":206,"date":"2020-10-02T14:30:57","date_gmt":"2020-10-02T14:30:57","guid":{"rendered":"https:\/\/bomberosdeesmeraldas.gob.ec\/?page_id=206"},"modified":"2020-10-07T13:59:15","modified_gmt":"2020-10-07T13:59:15","slug":"aprobacion-de-planos-contra-incendios","status":"publish","type":"page","link":"https:\/\/bomberosdeesmeraldas.gob.ec\/?page_id=206","title":{"rendered":"Certificaci\u00f3n de Planos"},"content":{"rendered":"<p>[pl_row pagelayer-id=&#8221;35bjdlbnopy8itj4&#8243; ]<br \/>\n[pl_col pagelayer-id=&#8221;s59xhvpumbp55xft&#8221;  col=&#8221;12&#8243;]<br \/>\n[pl_text pagelayer-id=&#8221;gtuitfqeirlwc7mt&#8221; ]<br \/>\n<span id=\"docs-internal-guid-deaef263-7fff-b183-198c-3edf246cde01\"><span style=\"font-size: 9pt; font-family: Arial; color: rgb(51, 51, 51); background-color: transparent; font-weight: 700; font-variant-numeric: normal; font-variant-east-asian: normal; vertical-align: baseline; white-space: pre-wrap;\">Es el aval t\u00e9cnico, en cuanto a la prevenci\u00f3n y mitigaci\u00f3n contra incendios, que el Cuerpo de Bomberos del Cant\u00f3n Esmeraldas emite sobre un proyecto de construcci\u00f3n, de acuerdo a lo que establece el art\u00edculo 53 de la Ley de Defensa Contra Incendios. <\/span><\/span>[\/pl_text]<br \/>\n[\/pl_col]<br \/>\n[\/pl_row]<br \/>\n[pl_row pagelayer-id=&#8221;DDTIDVbO8KhlF9Jr&#8221;  stretch=&#8221;auto&#8221; col_gap=&#8221;10&#8243; width_content=&#8221;auto&#8221; row_height=&#8221;default&#8221; overlay_hover_delay=&#8221;400&#8243; row_shape_top_color=&#8221;#227bc3&#8243; row_shape_top_width=&#8221;100&#8243; row_shape_top_height=&#8221;100&#8243; row_shape_bottom_color=&#8221;#e44993&#8243; row_shape_bottom_width=&#8221;100&#8243; row_shape_bottom_height=&#8221;100&#8243;]<br \/>\n[pl_col pagelayer-id=&#8221;KWma8RGaOfnSNQxi&#8221;  widget_space=&#8221;15&#8243; overlay_hover_delay=&#8221;400&#8243;]<br \/>\n[pl_accordion pagelayer-id=&#8221;b0dZWobJAd7QOAE9&#8243;  icon=&#8221;fas fa-plus&#8221; active_icon=&#8221;fas fa-minus&#8221; icon_align=&#8221;left&#8221; icon_padding=&#8221;10&#8243; tabs_color=&#8221;#444444&#8243; tabs_bg_color=&#8221;#eeeeee&#8221; tabs_active_color=&#8221;#ffffff&#8221; tabs_active_bg_color=&#8221;#ff0000ff&#8221; tab_padding=&#8221;15&#8243; tabs_content_bg_color=&#8221;#ffd6d6ff&#8221;]<br \/>\n[pl_accordion_item pagelayer-id=&#8221;KRvCoWLFHARrLZ7X&#8221;  title=&#8221;&lt;H5&gt;Requisitos para empresas constructoras de acuerdo al \u00e1rea de construcci\u00f3n.&lt;\/H5&gt;&#8221;]<\/p>\n<p>a) Especie valorada de solicitud de inspecci\u00f3n.&nbsp;<\/p>\n<p>b) Informe favorable de inspecci\u00f3n.&nbsp;<\/p>\n<p>c) Copia del contrato.&nbsp;<\/p>\n<p>d) RUC&nbsp;<\/p>\n<p>e) Copia de c\u00e9dula de ciudadan\u00eda del Contratista o el Representante Legal.&nbsp;<\/p>\n<p>f) Certificado del Uso del Suelo (si fuera necesario).&nbsp;<\/p>\n<p>g) Plan de reducci\u00f3n de riesgos aprobado por el GADMCE.<\/p>\n<p>[\/pl_accordion_item]<br \/>\n[\/pl_accordion]<br \/>\n[\/pl_col]<br \/>\n[\/pl_row]<\/p>\n","protected":false},"excerpt":{"rendered":"<p>[pl_row pagelayer-id=&#8221;35bjdlbnopy8itj4&#8243; ] [pl_col pagelayer-id=&#8221;s59xhvpumbp55xft&#8221; col=&#8221;12&#8243;] [pl_text pagelayer-id=&#8221;gtuitfqeirlwc7mt&#8221; ] Es el aval t\u00e9cnico, en cuanto&#8230;<\/p>\n","protected":false},"author":1,"featured_media":0,"parent":0,"menu_order":0,"comment_status":"closed","ping_status":"closed","template":"","meta":{"pagelayer_contact_templates":[],"_pagelayer_content":"","footnotes":""},"folder":[],"class_list":["post-206","page","type-page","status-publish","hentry"],"_links":{"self":[{"href":"https:\/\/bomberosdeesmeraldas.gob.ec\/index.php?rest_route=\/wp\/v2\/pages\/206"}],"collection":[{"href":"https:\/\/bomberosdeesmeraldas.gob.ec\/index.php?rest_route=\/wp\/v2\/pages"}],"about":[{"href":"https:\/\/bomberosdeesmeraldas.gob.ec\/index.php?rest_route=\/wp\/v2\/types\/page"}],"author":[{"embeddable":true,"href":"https:\/\/bomberosdeesmeraldas.gob.ec\/index.php?rest_route=\/wp\/v2\/users\/1"}],"replies":[{"embeddable":true,"href":"https:\/\/bomberosdeesmeraldas.gob.ec\/index.php?rest_route=%2Fwp%2Fv2%2Fcomments&post=206"}],"version-history":[{"count":7,"href":"https:\/\/bomberosdeesmeraldas.gob.ec\/index.php?rest_route=\/wp\/v2\/pages\/206\/revisions"}],"predecessor-version":[{"id":269,"href":"https:\/\/bomberosdeesmeraldas.gob.ec\/index.php?rest_route=\/wp\/v2\/pages\/206\/revisions\/269"}],"wp:attachment":[{"href":"https:\/\/bomberosdeesmeraldas.gob.ec\/index.php?rest_route=%2Fwp%2Fv2%2Fmedia&parent=206"}],"wp:term":[{"taxonomy":"folder","embeddable":true,"href":"https:\/\/bomberosdeesmeraldas.gob.ec\/index.php?rest_route=%2Fwp%2Fv2%2Ffolder&post=206"}],"curies":[{"name":"wp","href":"https:\/\/api.w.org\/{rel}","templated":true}]}}