{"id":202,"date":"2020-10-02T14:20:33","date_gmt":"2020-10-02T14:20:33","guid":{"rendered":"https:\/\/bomberosdeesmeraldas.gob.ec\/?page_id=202"},"modified":"2020-10-07T13:54:55","modified_gmt":"2020-10-07T13:54:55","slug":"permiso-de-construccion","status":"publish","type":"page","link":"https:\/\/bomberosdeesmeraldas.gob.ec\/?page_id=202","title":{"rendered":"Permiso Ocasional de Funcionamiento"},"content":{"rendered":"<p>[pl_row pagelayer-id=&#8221;cmwlz8ohhcok1jnc&#8221; ]<br \/>\n[pl_col pagelayer-id=&#8221;n8a41lewukbrljyp&#8221;  col=&#8221;12&#8243;]<br \/>\n[pl_text pagelayer-id=&#8221;4vwpkn2x3dwl8pkv&#8221; ]<\/p>\n<p>[\/pl_text]<br \/>\n[\/pl_col]<br \/>\n[\/pl_row]<br \/>\n[pl_row pagelayer-id=&#8221;bMiNEUiEyUhX3MlH&#8221;  stretch=&#8221;auto&#8221; col_gap=&#8221;10&#8243; width_content=&#8221;auto&#8221; row_height=&#8221;default&#8221; overlay_hover_delay=&#8221;400&#8243; row_shape_top_color=&#8221;#227bc3&#8243; row_shape_top_width=&#8221;100&#8243; row_shape_top_height=&#8221;100&#8243; row_shape_bottom_color=&#8221;#e44993&#8243; row_shape_bottom_width=&#8221;100&#8243; row_shape_bottom_height=&#8221;100&#8243;]<br \/>\n[pl_col pagelayer-id=&#8221;ZNVk31SSJJdgyTGY&#8221;  widget_space=&#8221;15&#8243; overlay_hover_delay=&#8221;400&#8243;]<br \/>\n[pl_text pagelayer-id=&#8221;wegcwTELUSd49N7N&#8221; ]<br \/>\nEs la Autorizaci\u00f3n que el Cuerpo de Bomberos del Cant\u00f3n Esmeraldas emite para la realizaci\u00f3n de actividades no permanentes, para lo cual debe ser solicitada en el t\u00e9rmino de cinco (5) d\u00edas previos, su validez ser\u00e1 determinada al momento de su emisi\u00f3n, de acuerdo al art\u00edculo 353 del Reglamento de Prevenci\u00f3n, Mitigaci\u00f3n y Protecci\u00f3n Contra Incendios.[\/pl_text]<br \/>\n[\/pl_col]<br \/>\n[\/pl_row]<br \/>\n[pl_row pagelayer-id=&#8221;rr5rwjN6q3ZaPIE4&#8243;  stretch=&#8221;auto&#8221; col_gap=&#8221;10&#8243; width_content=&#8221;auto&#8221; row_height=&#8221;default&#8221; overlay_hover_delay=&#8221;400&#8243; row_shape_top_color=&#8221;#227bc3&#8243; row_shape_top_width=&#8221;100&#8243; row_shape_top_height=&#8221;100&#8243; row_shape_bottom_color=&#8221;#e44993&#8243; row_shape_bottom_width=&#8221;100&#8243; row_shape_bottom_height=&#8221;100&#8243;]<br \/>\n[pl_col pagelayer-id=&#8221;Pf6TujmA2AIHwI00&#8243;  widget_space=&#8221;15&#8243; overlay_hover_delay=&#8221;400&#8243;]<br \/>\n[pl_accordion pagelayer-id=&#8221;0d3hUjitSVgxOkpA&#8221;  icon=&#8221;fas fa-plus&#8221; active_icon=&#8221;fas fa-minus&#8221; icon_align=&#8221;left&#8221; icon_padding=&#8221;10&#8243; tabs_color=&#8221;#444444&#8243; tabs_bg_color=&#8221;#eeeeee&#8221; tabs_active_color=&#8221;#ffffff&#8221; tabs_active_bg_color=&#8221;#ff0000ff&#8221; tab_padding=&#8221;15&#8243; tabs_content_bg_color=&#8221;#ffd6d6ff&#8221;]<br \/>\n[pl_accordion_item pagelayer-id=&#8221;7spiqszWLmQHB57M&#8221;  title=&#8221;&lt;h5&gt;Requisitos para los permisos ocasionales (espect\u00e1culo o eventos p\u00fablicos)&lt;\/h5&gt;&#8221; default_active=&#8221;true&#8221;]<\/p>\n<p>a) Especie valorada (solicitud de servicios).&nbsp;<\/p>\n<p>b) Informe favorable de inspecci\u00f3n.&nbsp;<\/p>\n<p>c) Copia del RUC&nbsp;<\/p>\n<p>d) C\u00e9dula de ciudadan\u00eda del organizador.&nbsp;<\/p>\n<p>e) Copia del Plan de Contingencia aprobado por la Direcci\u00f3n de Gesti\u00f3n Ambiental \u2013 Unidad de Riesgos del GADMCE.&nbsp;<\/p>\n<p>f) Certificado de Uso de la V\u00eda P\u00fablica emitido por la Direcci\u00f3n de Tr\u00e1nsito del GADMCE.&nbsp;<\/p>\n<p>g) Certificado actualizado de funcionamiento electromec\u00e1nico (juegos mec\u00e1nicos en ferias y tarimas) emitido por la Comisar\u00eda Municipal.&nbsp;<\/p>\n<p>h) Copia de pago de CNEL de acometida ocasional.&nbsp;<\/p>\n<p>i) En caso de existir Fuegos Pirot\u00e9cnicos, deber\u00e1 presentar el informe y permiso emitido por parte del Comando Conjunto de las Fuerzas Armadas.<\/p>\n<p>[\/pl_accordion_item]<br \/>\n[\/pl_accordion]<br \/>\n[\/pl_col]<br \/>\n[\/pl_row]<\/p>\n","protected":false},"excerpt":{"rendered":"<p>[pl_row pagelayer-id=&#8221;cmwlz8ohhcok1jnc&#8221; ] [pl_col pagelayer-id=&#8221;n8a41lewukbrljyp&#8221; col=&#8221;12&#8243;] [pl_text pagelayer-id=&#8221;4vwpkn2x3dwl8pkv&#8221; ] [\/pl_text] [\/pl_col] [\/pl_row] [pl_row pagelayer-id=&#8221;bMiNEUiEyUhX3MlH&#8221; stretch=&#8221;auto&#8221;&#8230;<\/p>\n","protected":false},"author":1,"featured_media":0,"parent":0,"menu_order":0,"comment_status":"closed","ping_status":"closed","template":"","meta":{"pagelayer_contact_templates":[],"_pagelayer_content":"","footnotes":""},"folder":[],"class_list":["post-202","page","type-page","status-publish","hentry"],"_links":{"self":[{"href":"https:\/\/bomberosdeesmeraldas.gob.ec\/index.php?rest_route=\/wp\/v2\/pages\/202"}],"collection":[{"href":"https:\/\/bomberosdeesmeraldas.gob.ec\/index.php?rest_route=\/wp\/v2\/pages"}],"about":[{"href":"https:\/\/bomberosdeesmeraldas.gob.ec\/index.php?rest_route=\/wp\/v2\/types\/page"}],"author":[{"embeddable":true,"href":"https:\/\/bomberosdeesmeraldas.gob.ec\/index.php?rest_route=\/wp\/v2\/users\/1"}],"replies":[{"embeddable":true,"href":"https:\/\/bomberosdeesmeraldas.gob.ec\/index.php?rest_route=%2Fwp%2Fv2%2Fcomments&post=202"}],"version-history":[{"count":5,"href":"https:\/\/bomberosdeesmeraldas.gob.ec\/index.php?rest_route=\/wp\/v2\/pages\/202\/revisions"}],"predecessor-version":[{"id":267,"href":"https:\/\/bomberosdeesmeraldas.gob.ec\/index.php?rest_route=\/wp\/v2\/pages\/202\/revisions\/267"}],"wp:attachment":[{"href":"https:\/\/bomberosdeesmeraldas.gob.ec\/index.php?rest_route=%2Fwp%2Fv2%2Fmedia&parent=202"}],"wp:term":[{"taxonomy":"folder","embeddable":true,"href":"https:\/\/bomberosdeesmeraldas.gob.ec\/index.php?rest_route=%2Fwp%2Fv2%2Ffolder&post=202"}],"curies":[{"name":"wp","href":"https:\/\/api.w.org\/{rel}","templated":true}]}}