{"id":197,"date":"2020-10-02T14:12:01","date_gmt":"2020-10-02T14:12:01","guid":{"rendered":"https:\/\/bomberosdeesmeraldas.gob.ec\/?page_id=197"},"modified":"2023-06-20T13:23:44","modified_gmt":"2023-06-20T13:23:44","slug":"permiso-de-funcionamiento","status":"publish","type":"page","link":"https:\/\/bomberosdeesmeraldas.gob.ec\/?page_id=197","title":{"rendered":"Permiso Anual de Funcionamiento"},"content":{"rendered":"<p>[pl_row pagelayer-id=&#8221;dsXdYsiRfDHePZyf&#8221;  stretch=&#8221;auto&#8221; col_gap=&#8221;10&#8243; width_content=&#8221;auto&#8221; row_height=&#8221;default&#8221; overlay_hover_delay=&#8221;400&#8243; row_shape_top_color=&#8221;#227bc3&#8243; row_shape_top_width=&#8221;100&#8243; row_shape_top_height=&#8221;100&#8243; row_shape_bottom_color=&#8221;#e44993&#8243; row_shape_bottom_width=&#8221;100&#8243; row_shape_bottom_height=&#8221;100&#8243;]<br>\n[pl_col pagelayer-id=&#8221;rZH6g0Z0CTP60DbC&#8221;  widget_space=&#8221;15&#8243; overlay_hover_delay=&#8221;400&#8243;]<br>\n[pl_text pagelayer-id=&#8221;mzSHrZCjcSntuYZM&#8221; ]<\/p>\n<p>Es la Autorizaci\u00f3n que el Cuerpo de Bomberos del Cant\u00f3n Esmeraldas emite a todo local para su funcionamiento y que tiene vigencia de un a\u00f1o calendario, conforme lo establece el art\u00edculo 349 del Reglamento de Prevenci\u00f3n, Mitigaci\u00f3n y Protecci\u00f3n Contra Incendios.[\/pl_text]<br>\n[\/pl_col]<br>\n[\/pl_row]<br>\n[pl_row pagelayer-id=&#8221;NCP5cqJScBT77Yjq&#8221;  stretch=&#8221;auto&#8221; col_gap=&#8221;10&#8243; width_content=&#8221;auto&#8221; row_height=&#8221;default&#8221; overlay_hover_delay=&#8221;400&#8243; row_shape_top_color=&#8221;#227bc3&#8243; row_shape_top_width=&#8221;100&#8243; row_shape_top_height=&#8221;100&#8243; row_shape_bottom_color=&#8221;#e44993&#8243; row_shape_bottom_width=&#8221;100&#8243; row_shape_bottom_height=&#8221;100&#8243;]<br>\n[pl_col pagelayer-id=&#8221;lO7LWSdszXkU57Wq&#8221;  widget_space=&#8221;15&#8243; overlay_hover_delay=&#8221;400&#8243;]<br>\n[pl_accordion pagelayer-id=&#8221;ENZWHkfDARK8WXWp&#8221;  icon=&#8221;fas fa-plus&#8221; active_icon=&#8221;fas fa-minus&#8221; icon_align=&#8221;left&#8221; icon_padding=&#8221;10&#8243; tabs_color=&#8221;#303030ff&#8221; tabs_bg_color=&#8221;#eeeeeeff&#8221; tabs_active_color=&#8221;#ffffffff&#8221; tabs_active_bg_color=&#8221;#ff0000ff&#8221; tab_padding=&#8221;15&#8243; tabs_content_bg_color=&#8221;#ffd6d6ff&#8221; acc_space=&#8221;1&#8243;]<br>\n[pl_accordion_item pagelayer-id=&#8221;miM2YVjfQYsMD5ct&#8221;  title=&#8221;&lt;H5&gt;Requerimientos para otorgar el permiso anual de funcionamiento de locales comerciales, instituciones p\u00fablicas, privadas, servicios sociales, locales especiales y otros.&lt;\/H5&gt;&#8221;]<\/p>\n<p>a) Especie valorada (solicitud de servicios).&nbsp;<\/p>\n<p>b) Informe favorable de inspecci\u00f3n.&nbsp;<\/p>\n<p>c) Copia del RUC o RISE&nbsp;<\/p>\n<p>d) Copia de c\u00e9dula de ciudadan\u00eda.&nbsp;<\/p>\n<p>e) Certificado de uso de suelo conferido por el Departamento de Planificaci\u00f3n del GADMCE (cuando el inspector lo solicite) si fuese el caso.&nbsp;<\/p>\n<p>f) Copia de la planilla de energ\u00eda el\u00e9ctrica.&nbsp;<\/p>\n<p>g) En caso de ser artesano o discapacitado: Copia del Carnet Vigente.&nbsp;<\/p>\n<p>h) En caso de ser discapacitado: Copia del Carnet Vigente.&nbsp;<\/p>\n<p>i) Autorizaci\u00f3n firmada y c\u00e9dula original del propietario del local (en casos en los que el propietario no pueda asistir a solicitar el tr\u00e1mite).<\/p>\n<p>[\/pl_accordion_item]<br>\n[pl_accordion_item pagelayer-id=&#8221;z4cdlZbB6jQUtioQ&#8221;  title=&#8221;&lt;H5&gt;Requisitos para los permisos de veh\u00edculos de transporte de materiales peligrosos y combustibles.&lt;\/H5&gt;&#8221;]<\/p>\n<p><span id=\"docs-internal-guid-f4eb44b7-7fff-104f-eece-0b842cc25994\"><\/span><\/p>\n<p dir=\"ltr\" style=\"line-height: 1.5808; text-align: justify; margin-top: 0pt; margin-bottom: 7pt;\">a) Especie valorada (solicitud de servicios).&nbsp;<\/p>\n<p dir=\"ltr\" style=\"line-height: 1.5808; text-align: justify; margin-top: 0pt; margin-bottom: 7pt;\">b) Informe favorable de inspecci\u00f3n.&nbsp;<\/p>\n<p dir=\"ltr\" style=\"line-height: 1.5808; text-align: justify; margin-top: 0pt; margin-bottom: 7pt;\">c) Copia de la Matr\u00edcula y Revisi\u00f3n vigente.&nbsp;<\/p>\n<p dir=\"ltr\" style=\"line-height: 1.5808; text-align: justify; margin-top: 0pt; margin-bottom: 7pt;\">d) Copia del RUC&nbsp;<\/p>\n<p dir=\"ltr\" style=\"line-height: 1.5808; text-align: justify; margin-top: 0pt; margin-bottom: 7pt;\"><span style=\"background-color: transparent;\">e) Copia de c\u00e9dula de ciudadan\u00eda.&nbsp;<\/span><\/p>\n<p dir=\"ltr\" style=\"line-height: 1.5808; text-align: justify; margin-top: 0pt; margin-bottom: 7pt;\"><span style=\"background-color: transparent;\">f) Certificado de Autorizaci\u00f3n de la Agencia de Control y Regulaci\u00f3n Hidrocarbur\u00edfero (ARCH).&nbsp;<\/span><\/p>\n<p dir=\"ltr\" style=\"line-height: 1.5808; text-align: justify; margin-top: 0pt; margin-bottom: 7pt;\"><span style=\"background-color: transparent;\">g) Regulaci\u00f3n ambiental emitida por la autoridad ambiental competente.&nbsp;<\/span><\/p>\n<p dir=\"ltr\" style=\"line-height: 1.5808; text-align: justify; margin-top: 0pt; margin-bottom: 7pt;\"><span style=\"background-color: transparent;\">h) Plan de reducci\u00f3n de riesgos aprobado por el GADMCE.<\/span><\/p>\n<p>[\/pl_accordion_item]<br>\n[\/pl_accordion]<br>\n[\/pl_col]<br>\n[\/pl_row]<br>\n[pl_row pagelayer-id=&#8221;qyGE0lOpqQXNsdGP&#8221;  stretch=&#8221;auto&#8221; col_gap=&#8221;10&#8243; width_content=&#8221;auto&#8221; row_height=&#8221;default&#8221; overlay_hover_delay=&#8221;400&#8243; row_shape_top_color=&#8221;#227bc3&#8243; row_shape_top_width=&#8221;100&#8243; row_shape_top_height=&#8221;100&#8243; row_shape_bottom_color=&#8221;#e44993&#8243; row_shape_bottom_width=&#8221;100&#8243; row_shape_bottom_height=&#8221;100&#8243;]<br>\n[pl_col pagelayer-id=&#8221;dqV3jpwt7GdnzoM8&#8243;  widget_space=&#8221;15&#8243; overlay_hover_delay=&#8221;400&#8243;]<br>\n[\/pl_col]<br>\n[\/pl_row]<\/p>\n\n\n<figure class=\"wp-block-embed is-type-video is-provider-youtube wp-block-embed-youtube wp-embed-aspect-16-9 wp-has-aspect-ratio\"><div class=\"wp-block-embed__wrapper\">\n<iframe loading=\"lazy\" title=\"C\u00f3mo puedes obtener tu permiso de funcionamiento?\" width=\"640\" height=\"360\" src=\"https:\/\/www.youtube.com\/embed\/LwA4dyt0RMo?feature=oembed\" frameborder=\"0\" allow=\"accelerometer; autoplay; clipboard-write; encrypted-media; gyroscope; picture-in-picture; web-share\" referrerpolicy=\"strict-origin-when-cross-origin\" allowfullscreen><\/iframe>\n<\/div><\/figure>\n","protected":false},"excerpt":{"rendered":"<p>[pl_row pagelayer-id=&#8221;dsXdYsiRfDHePZyf&#8221; stretch=&#8221;auto&#8221; col_gap=&#8221;10&#8243; width_content=&#8221;auto&#8221; row_height=&#8221;default&#8221; overlay_hover_delay=&#8221;400&#8243; row_shape_top_color=&#8221;#227bc3&#8243; row_shape_top_width=&#8221;100&#8243; row_shape_top_height=&#8221;100&#8243; row_shape_bottom_color=&#8221;#e44993&#8243; row_shape_bottom_width=&#8221;100&#8243; row_shape_bottom_height=&#8221;100&#8243;] [pl_col pagelayer-id=&#8221;rZH6g0Z0CTP60DbC&#8221;&#8230;<\/p>\n","protected":false},"author":1,"featured_media":0,"parent":0,"menu_order":0,"comment_status":"closed","ping_status":"closed","template":"","meta":{"pagelayer_contact_templates":[],"_pagelayer_content":"","footnotes":""},"folder":[],"class_list":["post-197","page","type-page","status-publish","hentry"],"_links":{"self":[{"href":"https:\/\/bomberosdeesmeraldas.gob.ec\/index.php?rest_route=\/wp\/v2\/pages\/197"}],"collection":[{"href":"https:\/\/bomberosdeesmeraldas.gob.ec\/index.php?rest_route=\/wp\/v2\/pages"}],"about":[{"href":"https:\/\/bomberosdeesmeraldas.gob.ec\/index.php?rest_route=\/wp\/v2\/types\/page"}],"author":[{"embeddable":true,"href":"https:\/\/bomberosdeesmeraldas.gob.ec\/index.php?rest_route=\/wp\/v2\/users\/1"}],"replies":[{"embeddable":true,"href":"https:\/\/bomberosdeesmeraldas.gob.ec\/index.php?rest_route=%2Fwp%2Fv2%2Fcomments&post=197"}],"version-history":[{"count":9,"href":"https:\/\/bomberosdeesmeraldas.gob.ec\/index.php?rest_route=\/wp\/v2\/pages\/197\/revisions"}],"predecessor-version":[{"id":8674,"href":"https:\/\/bomberosdeesmeraldas.gob.ec\/index.php?rest_route=\/wp\/v2\/pages\/197\/revisions\/8674"}],"wp:attachment":[{"href":"https:\/\/bomberosdeesmeraldas.gob.ec\/index.php?rest_route=%2Fwp%2Fv2%2Fmedia&parent=197"}],"wp:term":[{"taxonomy":"folder","embeddable":true,"href":"https:\/\/bomberosdeesmeraldas.gob.ec\/index.php?rest_route=%2Fwp%2Fv2%2Ffolder&post=197"}],"curies":[{"name":"wp","href":"https:\/\/api.w.org\/{rel}","templated":true}]}}